{"id":751,"date":"2021-08-26T10:04:36","date_gmt":"2021-08-26T10:04:36","guid":{"rendered":"https:\/\/themexriver.com\/wp\/prysm\/?page_id=209"},"modified":"2023-06-13T06:48:39","modified_gmt":"2023-06-13T06:48:39","slug":"contactar","status":"publish","type":"page","link":"https:\/\/www.mod180.com\/ca\/contactar\/","title":{"rendered":"Contacta&#8217;ns"},"content":{"rendered":"\t\t<div data-elementor-type=\"wp-page\" data-elementor-id=\"751\" class=\"elementor elementor-751\" data-elementor-post-type=\"page\">\n\t\t\t\t\t\t\t\t\t<section class=\"elementor-section elementor-top-section elementor-element elementor-element-2a0d7783 elementor-section-full_width elementor-section-stretched elementor-section-height-default elementor-section-height-default\" data-id=\"2a0d7783\" data-element_type=\"section\" data-settings=\"{&quot;stretch_section&quot;:&quot;section-stretched&quot;,&quot;background_background&quot;:&quot;classic&quot;}\">\n\t\t\t\t\t\t<div class=\"elementor-container elementor-column-gap-no\">\n\t\t\t\t\t<div class=\"elementor-column elementor-col-100 elementor-top-column elementor-element elementor-element-66027446\" data-id=\"66027446\" data-element_type=\"column\" data-settings=\"{&quot;background_background&quot;:&quot;classic&quot;}\">\n\t\t\t<div class=\"elementor-widget-wrap elementor-element-populated\">\n\t\t\t\t\t\t\t\t<div class=\"elementor-element elementor-element-4bd9d9b elementor-widget__width-inherit elementor-widget-mobile__width-inherit elementor-widget elementor-widget-ucaddon_map_form\" data-id=\"4bd9d9b\" data-element_type=\"widget\" data-widget_type=\"ucaddon_map_form.default\">\n\t\t\t\t<div class=\"elementor-widget-container\">\n\t\t\t<!-- start Map &amp; Form -->\n\n\t\t\t\t<section id=\"pr-contact\" class=\"pr-contact-section position-relative\">  \n  <span class=\"pr-contact-bg position-absolute\"><img decoding=\"async\" src=\"\" alt=\"\"><\/span>\n  <div class=\"container\">\n    <div class=\"pr-contact-content d-flex\">\n      <div class=\"pr-contact-map-info\">\n        <div id=\"pr-map\" data-lat=\"41.7484044\" data-lon=\"2.5613326\" data-zoom=\"8\" data-info=\"2.5613326\" data-mlat=\"41.7484044\" data-mlon=\"2.5613326\" data-marker=\"https:\/\/www.mod180.com\/ca\/wp-content\/uploads\/sites\/4\/2023\/05\/mapa.png\">\n        <\/div> \n        <div class=\"pr-contact-info d-flex\">\n          <div class=\"pr-contact-info-item headline pera-content\">\n  <div class=\"el-icon\">\n    <i class=\"fas fa-map-marker-alt\"><\/i>\n   <\/div>\n  <div class=\"el-content\">\n    <h3>Ubicaci\u00f3<\/h3>\n  \tBreda - Girona | Spain\n   <\/div>\n<\/div>\n<div class=\"pr-contact-info-item headline pera-content\">\n  <div class=\"el-icon\">\n    <i class=\"fal fa-envelope\"><\/i>\n   <\/div>\n  <div class=\"el-content\">\n    <h3>Email<\/h3>\n  \tinfo@mod180.com\n   <\/div>\n<\/div>\n<div class=\"pr-contact-info-item headline pera-content\">\n  <div class=\"el-icon\">\n    <i class=\"fas fa-phone-volume\"><\/i>\n   <\/div>\n  <div class=\"el-content\">\n    <h3>Tel\u00e8fon<\/h3>\n  \t+34 618 78 44 79\n   <\/div>\n<\/div>\n\n        <\/div>\n      <\/div>\n      <div class=\"pr-contact-form position-relative\">\n        <div class=\"pr-section-title text-center middle-align headline pera-content\">\n          <h2>Creixem junts?<\/h2>\n          <p><\/p>\n        <\/div>\n        <div class=\"pr-contact-form-wrap headline pera-content\">\n          \n<div class=\"wpcf7 no-js\" id=\"wpcf7-f763-o1\" lang=\"en-US\" dir=\"ltr\">\n<div class=\"screen-reader-response\"><p role=\"status\" aria-live=\"polite\" aria-atomic=\"true\"><\/p> <ul><\/ul><\/div>\n<form action=\"\/ca\/wp-json\/wp\/v2\/pages\/751#wpcf7-f763-o1\" method=\"post\" class=\"wpcf7-form init\" aria-label=\"Contact form\" novalidate=\"novalidate\" data-status=\"init\">\n<div style=\"display: none;\">\n<input type=\"hidden\" name=\"_wpcf7\" value=\"763\" \/>\n<input type=\"hidden\" name=\"_wpcf7_version\" value=\"5.8.4\" \/>\n<input type=\"hidden\" name=\"_wpcf7_locale\" value=\"en_US\" \/>\n<input type=\"hidden\" name=\"_wpcf7_unit_tag\" value=\"wpcf7-f763-o1\" \/>\n<input type=\"hidden\" name=\"_wpcf7_container_post\" value=\"0\" \/>\n<input type=\"hidden\" name=\"_wpcf7_posted_data_hash\" value=\"\" \/>\n<input type=\"hidden\" name=\"_wpcf7_recaptcha_response\" value=\"\" \/>\n<\/div>\n<div class=\"input-info position-relative\">\n\t<p><label class=\"d-block\">Nom *<\/label><span class=\"wpcf7-form-control-wrap\" data-name=\"Name\"><input size=\"40\" class=\"wpcf7-form-control wpcf7-text wpcf7-validates-as-required\" aria-required=\"true\" aria-invalid=\"false\" placeholder=\"\" value=\"\" type=\"text\" name=\"Name\" \/><\/span><i class=\"fas fa-user\"><\/i>\n\t<\/p>\n<\/div>\n<div class=\"input-info position-relative\">\n\t<p><label class=\"d-block\">Empresa *<\/label><span class=\"wpcf7-form-control-wrap\" data-name=\"empresa\"><input size=\"40\" class=\"wpcf7-form-control wpcf7-text wpcf7-validates-as-required\" aria-required=\"true\" aria-invalid=\"false\" placeholder=\"\" value=\"\" type=\"text\" name=\"empresa\" \/><\/span><i class=\"fas fa-building\"><\/i>\n\t<\/p>\n<\/div>\n<div class=\"input-info position-relative\">\n\t<p><label class=\"d-block\">Email *<\/label><span class=\"wpcf7-form-control-wrap\" data-name=\"email\"><input size=\"40\" class=\"wpcf7-form-control wpcf7-email wpcf7-validates-as-required wpcf7-text wpcf7-validates-as-email\" aria-required=\"true\" aria-invalid=\"false\" placeholder=\"\" value=\"\" type=\"email\" name=\"email\" \/><\/span><i class=\"fas fa-envelope\"><\/i>\n\t<\/p>\n<\/div>\n<div class=\"input-info position-relative\">\n\t<p><label class=\"d-block\">Tel\u00e8fon *<\/label><span class=\"wpcf7-form-control-wrap\" data-name=\"telephone\"><input size=\"40\" class=\"wpcf7-form-control wpcf7-text wpcf7-validates-as-required\" aria-required=\"true\" aria-invalid=\"false\" placeholder=\"\" value=\"\" type=\"text\" name=\"telephone\" \/><\/span><i class=\"fas fa-phone-alt\"><\/i>\n\t<\/p>\n<\/div>\n<div class=\"input-info position-relative\">\n\t<p><label class=\"d-block\">En qu\u00e8 et podem ajudar *<\/label><span class=\"wpcf7-form-control-wrap\" data-name=\"Enquetpodemajudar\"><input size=\"40\" class=\"wpcf7-form-control wpcf7-text\" aria-invalid=\"false\" value=\"\" type=\"text\" name=\"Enquetpodemajudar\" \/><\/span><i class=\"fas fa-question\"><\/i>\n\t<\/p>\n<\/div>\n<p><button type=\"submit\">Enviar <i class=\"far fa-long-arrow-right\"><\/i><\/button>\n<\/p>\n<p><input type=\"checkbox\" \/>*He llegit la <a href=\"https:\/\/www.mod180.com\/privacy-policy\/\">Pol\u00edtica de privacitat<\/a> i hi estic d'acord.\n<\/p><div class=\"wpcf7-response-output\" aria-hidden=\"true\"><\/div>\n<\/form>\n<\/div>\n\n        <\/div>\n      <\/div>\n    <\/div>\n  <\/div>\n<\/section>\n\t\t\t<!-- end Map &amp; Form -->\t\t<\/div>\n\t\t\t\t<\/div>\n\t\t\t\t\t<\/div>\n\t\t<\/div>\n\t\t\t\t\t\t\t<\/div>\n\t\t<\/section>\n\t\t\t\t<section class=\"elementor-section elementor-top-section elementor-element elementor-element-4e5f580 elementor-section-stretched elementor-hidden-tablet elementor-hidden-mobile elementor-section-boxed elementor-section-height-default elementor-section-height-default\" data-id=\"4e5f580\" data-element_type=\"section\" data-settings=\"{&quot;stretch_section&quot;:&quot;section-stretched&quot;,&quot;background_background&quot;:&quot;gradient&quot;}\">\n\t\t\t\t\t\t<div class=\"elementor-container elementor-column-gap-default\">\n\t\t\t\t\t<div class=\"elementor-column elementor-col-33 elementor-top-column elementor-element elementor-element-ee33943\" data-id=\"ee33943\" data-element_type=\"column\">\n\t\t\t<div class=\"elementor-widget-wrap elementor-element-populated\">\n\t\t\t\t\t\t\t\t<div class=\"elementor-element elementor-element-02bf18f elementor-headline--style-rotate elementor-widget elementor-widget-animated-headline\" data-id=\"02bf18f\" data-element_type=\"widget\" data-settings=\"{&quot;headline_style&quot;:&quot;rotate&quot;,&quot;animation_type&quot;:&quot;drop-in&quot;,&quot;rotating_text&quot;:&quot;sempre a m\\u00e0\\nescaneja el QR&quot;,&quot;loop&quot;:&quot;yes&quot;,&quot;rotate_iteration_delay&quot;:2500}\" data-widget_type=\"animated-headline.default\">\n\t\t\t\t<div class=\"elementor-widget-container\">\n\t\t\t<link rel=\"stylesheet\" href=\"https:\/\/www.mod180.com\/ca\/wp-content\/plugins\/elementor-pro\/assets\/css\/widget-animated-headline.min.css\">\t\t<h4 class=\"elementor-headline elementor-headline-animation-type-drop-in\">\n\t\t\t\t\t<span class=\"elementor-headline-plain-text elementor-headline-text-wrapper\">El nostre contacte<\/span>\n\t\t\t\t<span class=\"elementor-headline-dynamic-wrapper elementor-headline-text-wrapper\">\n\t\t\t\t\t<span class=\"elementor-headline-dynamic-text elementor-headline-text-active\">\n\t\t\t\tsempre&nbsp;a&nbsp;m\u00e0\t\t\t<\/span>\n\t\t\t\t\t<span class=\"elementor-headline-dynamic-text\">\n\t\t\t\tescaneja&nbsp;el&nbsp;QR\t\t\t<\/span>\n\t\t\t\t\t\t<\/span>\n\t\t\t\t<\/h4>\n\t\t\t\t<\/div>\n\t\t\t\t<\/div>\n\t\t\t\t\t<\/div>\n\t\t<\/div>\n\t\t\t\t<div class=\"elementor-column elementor-col-33 elementor-top-column elementor-element elementor-element-6df4ac0\" data-id=\"6df4ac0\" data-element_type=\"column\">\n\t\t\t<div class=\"elementor-widget-wrap elementor-element-populated\">\n\t\t\t\t\t\t\t\t<div class=\"elementor-element elementor-element-d371342 elementor-invisible elementor-widget elementor-widget-image\" data-id=\"d371342\" data-element_type=\"widget\" data-settings=\"{&quot;_animation&quot;:&quot;fadeInRight&quot;}\" data-widget_type=\"image.default\">\n\t\t\t\t<div class=\"elementor-widget-container\">\n\t\t\t<style>\/*! elementor - v3.17.0 - 08-11-2023 *\/\n.elementor-widget-image{text-align:center}.elementor-widget-image a{display:inline-block}.elementor-widget-image a img[src$=\".svg\"]{width:48px}.elementor-widget-image img{vertical-align:middle;display:inline-block}<\/style>\t\t\t\t\t\t\t\t\t\t\t\t<img loading=\"lazy\" decoding=\"async\" width=\"883\" height=\"236\" src=\"https:\/\/www.mod180.com\/ca\/wp-content\/uploads\/sites\/4\/2023\/05\/vcard.png\" class=\"attachment-full size-full wp-image-26\" alt=\"\" srcset=\"https:\/\/www.mod180.com\/ca\/wp-content\/uploads\/sites\/4\/2023\/05\/vcard.png 883w, https:\/\/www.mod180.com\/ca\/wp-content\/uploads\/sites\/4\/2023\/05\/vcard-600x160.png 600w, https:\/\/www.mod180.com\/ca\/wp-content\/uploads\/sites\/4\/2023\/05\/vcard-300x80.png 300w, https:\/\/www.mod180.com\/ca\/wp-content\/uploads\/sites\/4\/2023\/05\/vcard-768x205.png 768w\" sizes=\"auto, (max-width: 883px) 100vw, 883px\" \/>\t\t\t\t\t\t\t\t\t\t\t\t\t\t\t<\/div>\n\t\t\t\t<\/div>\n\t\t\t\t<div class=\"elementor-element elementor-element-66530f3 elementor-invisible elementor-widget elementor-widget-image\" data-id=\"66530f3\" data-element_type=\"widget\" data-settings=\"{&quot;_animation&quot;:&quot;bounceIn&quot;}\" data-widget_type=\"image.default\">\n\t\t\t\t<div class=\"elementor-widget-container\">\n\t\t\t\t\t\t\t\t\t\t\t\t\t\t\t<img loading=\"lazy\" decoding=\"async\" width=\"300\" height=\"294\" src=\"https:\/\/www.mod180.com\/ca\/wp-content\/uploads\/sites\/4\/2023\/05\/MOD180QR-300x294.png\" class=\"attachment-medium size-medium wp-image-25\" alt=\"\" srcset=\"https:\/\/www.mod180.com\/ca\/wp-content\/uploads\/sites\/4\/2023\/05\/MOD180QR-300x294.png 300w, https:\/\/www.mod180.com\/ca\/wp-content\/uploads\/sites\/4\/2023\/05\/MOD180QR-600x588.png 600w, https:\/\/www.mod180.com\/ca\/wp-content\/uploads\/sites\/4\/2023\/05\/MOD180QR-768x752.png 768w, https:\/\/www.mod180.com\/ca\/wp-content\/uploads\/sites\/4\/2023\/05\/MOD180QR.png 883w\" sizes=\"auto, (max-width: 300px) 100vw, 300px\" \/>\t\t\t\t\t\t\t\t\t\t\t\t\t\t\t<\/div>\n\t\t\t\t<\/div>\n\t\t\t\t\t<\/div>\n\t\t<\/div>\n\t\t\t\t<div class=\"elementor-column elementor-col-33 elementor-top-column elementor-element elementor-element-d950318\" data-id=\"d950318\" data-element_type=\"column\">\n\t\t\t<div class=\"elementor-widget-wrap\">\n\t\t\t\t\t\t\t\t\t<\/div>\n\t\t<\/div>\n\t\t\t\t\t\t\t<\/div>\n\t\t<\/section>\n\t\t\t\t<section class=\"elementor-section elementor-top-section elementor-element elementor-element-02b7d1f elementor-section-stretched elementor-hidden-desktop elementor-section-boxed elementor-section-height-default elementor-section-height-default\" data-id=\"02b7d1f\" data-element_type=\"section\" data-settings=\"{&quot;stretch_section&quot;:&quot;section-stretched&quot;,&quot;background_background&quot;:&quot;gradient&quot;}\">\n\t\t\t\t\t\t<div class=\"elementor-container elementor-column-gap-default\">\n\t\t\t\t\t<div class=\"elementor-column elementor-col-33 elementor-top-column elementor-element elementor-element-1b53a5b\" data-id=\"1b53a5b\" data-element_type=\"column\">\n\t\t\t<div class=\"elementor-widget-wrap elementor-element-populated\">\n\t\t\t\t\t\t\t\t<div class=\"elementor-element elementor-element-18a5200 elementor-headline--style-rotate elementor-widget elementor-widget-animated-headline\" data-id=\"18a5200\" data-element_type=\"widget\" data-settings=\"{&quot;headline_style&quot;:&quot;rotate&quot;,&quot;animation_type&quot;:&quot;drop-in&quot;,&quot;rotating_text&quot;:&quot;sempre a m\\u00e0\\ndescarrega&#039;l&quot;,&quot;loop&quot;:&quot;yes&quot;,&quot;rotate_iteration_delay&quot;:2500}\" data-widget_type=\"animated-headline.default\">\n\t\t\t\t<div class=\"elementor-widget-container\">\n\t\t\t\t\t<h4 class=\"elementor-headline elementor-headline-animation-type-drop-in\">\n\t\t\t\t\t<span class=\"elementor-headline-plain-text elementor-headline-text-wrapper\">El nostre contacte<\/span>\n\t\t\t\t<span class=\"elementor-headline-dynamic-wrapper elementor-headline-text-wrapper\">\n\t\t\t\t\t<span class=\"elementor-headline-dynamic-text elementor-headline-text-active\">\n\t\t\t\tsempre&nbsp;a&nbsp;m\u00e0\t\t\t<\/span>\n\t\t\t\t\t<span class=\"elementor-headline-dynamic-text\">\n\t\t\t\tdescarrega'l\t\t\t<\/span>\n\t\t\t\t\t\t<\/span>\n\t\t\t\t<\/h4>\n\t\t\t\t<\/div>\n\t\t\t\t<\/div>\n\t\t\t\t\t<\/div>\n\t\t<\/div>\n\t\t\t\t<div class=\"elementor-column elementor-col-33 elementor-top-column elementor-element elementor-element-698298d\" data-id=\"698298d\" data-element_type=\"column\">\n\t\t\t<div class=\"elementor-widget-wrap elementor-element-populated\">\n\t\t\t\t\t\t\t\t<div class=\"elementor-element elementor-element-396e809 elementor-invisible elementor-widget elementor-widget-image\" data-id=\"396e809\" data-element_type=\"widget\" data-settings=\"{&quot;_animation&quot;:&quot;fadeInRight&quot;}\" data-widget_type=\"image.default\">\n\t\t\t\t<div class=\"elementor-widget-container\">\n\t\t\t\t\t\t\t\t\t\t\t\t\t\t\t<img loading=\"lazy\" decoding=\"async\" width=\"883\" height=\"236\" src=\"https:\/\/www.mod180.com\/ca\/wp-content\/uploads\/sites\/4\/2023\/05\/vcard.png\" class=\"attachment-full size-full wp-image-26\" alt=\"\" srcset=\"https:\/\/www.mod180.com\/ca\/wp-content\/uploads\/sites\/4\/2023\/05\/vcard.png 883w, https:\/\/www.mod180.com\/ca\/wp-content\/uploads\/sites\/4\/2023\/05\/vcard-600x160.png 600w, https:\/\/www.mod180.com\/ca\/wp-content\/uploads\/sites\/4\/2023\/05\/vcard-300x80.png 300w, https:\/\/www.mod180.com\/ca\/wp-content\/uploads\/sites\/4\/2023\/05\/vcard-768x205.png 768w\" sizes=\"auto, (max-width: 883px) 100vw, 883px\" \/>\t\t\t\t\t\t\t\t\t\t\t\t\t\t\t<\/div>\n\t\t\t\t<\/div>\n\t\t\t\t<div class=\"elementor-element elementor-element-fb36906 elementor-align-center elementor-widget elementor-widget-button\" data-id=\"fb36906\" data-element_type=\"widget\" data-widget_type=\"button.default\">\n\t\t\t\t<div class=\"elementor-widget-container\">\n\t\t\t\t\t<div class=\"elementor-button-wrapper\">\n\t\t\t<a class=\"elementor-button elementor-button-link elementor-size-sm\" href=\"http:\/\/localhost\/mod180\/wp-content\/uploads\/2023\/05\/vcard.vcf\">\n\t\t\t\t\t\t<span class=\"elementor-button-content-wrapper\">\n\t\t\t\t\t\t<span class=\"elementor-button-text\">DESCARREGAR<\/span>\n\t\t<\/span>\n\t\t\t\t\t<\/a>\n\t\t<\/div>\n\t\t\t\t<\/div>\n\t\t\t\t<\/div>\n\t\t\t\t\t<\/div>\n\t\t<\/div>\n\t\t\t\t<div class=\"elementor-column elementor-col-33 elementor-top-column elementor-element elementor-element-bbbe34d\" data-id=\"bbbe34d\" data-element_type=\"column\">\n\t\t\t<div class=\"elementor-widget-wrap\">\n\t\t\t\t\t\t\t\t\t<\/div>\n\t\t<\/div>\n\t\t\t\t\t\t\t<\/div>\n\t\t<\/section>\n\t\t\t\t\t\t\t<\/div>\n\t\t","protected":false},"excerpt":{"rendered":"<p>Ubicaci\u00f3 Breda &#8211; Girona | Spain Email info@mod180.com Tel\u00e8fon +34 618 78 44 79 Creixem junts? Nom * Empresa * Email * Tel\u00e8fon * En qu\u00e8 et podem ajudar * Enviar *He llegit la Pol\u00edtica de privacitat i hi estic d&#8217;acord. El nostre contacte sempre&nbsp;a&nbsp;m\u00e0 escaneja&nbsp;el&nbsp;QR El nostre contacte sempre&nbsp;a&nbsp;m\u00e0 descarrega&#8217;l DESCARREGAR<\/p>\n","protected":false},"author":1,"featured_media":0,"parent":0,"menu_order":0,"comment_status":"closed","ping_status":"closed","template":"","meta":{"_acf_changed":false,"footnotes":""},"class_list":["post-751","page","type-page","status-publish","hentry"],"acf":[],"yoast_head":"<!-- This site is optimized with the Yoast SEO plugin v25.3.1 - https:\/\/yoast.com\/wordpress\/plugins\/seo\/ -->\n<title>Contacta&#039;ns - Catal\u00e0 - mod180<\/title>\n<meta name=\"robots\" content=\"index, follow, max-snippet:-1, max-image-preview:large, max-video-preview:-1\" \/>\n<link rel=\"canonical\" href=\"https:\/\/www.mod180.com\/ca\/contactar\/\" \/>\n<meta property=\"og:locale\" content=\"ca_ES\" \/>\n<meta property=\"og:type\" content=\"article\" \/>\n<meta property=\"og:title\" content=\"Contacta&#039;ns - Catal\u00e0 - mod180\" \/>\n<meta property=\"og:description\" content=\"Ubicaci\u00f3 Breda &#8211; Girona | Spain Email info@mod180.com Tel\u00e8fon +34 618 78 44 79 Creixem junts? Nom * Empresa * Email * Tel\u00e8fon * En qu\u00e8 et podem ajudar * Enviar *He llegit la Pol\u00edtica de privacitat i hi estic d&#8217;acord. El nostre contacte sempre&nbsp;a&nbsp;m\u00e0 escaneja&nbsp;el&nbsp;QR El nostre contacte sempre&nbsp;a&nbsp;m\u00e0 descarrega&#8217;l DESCARREGAR\" \/>\n<meta property=\"og:url\" content=\"https:\/\/www.mod180.com\/ca\/contactar\/\" \/>\n<meta property=\"og:site_name\" content=\"Catal\u00e0 - mod180\" \/>\n<meta property=\"article:modified_time\" content=\"2023-06-13T06:48:39+00:00\" \/>\n<meta property=\"og:image\" content=\"http:\/\/localhost\/mod180\/ca\/wp-content\/uploads\/sites\/4\/2023\/05\/vcard.png\" \/>\n<meta name=\"twitter:card\" content=\"summary_large_image\" \/>\n<script type=\"application\/ld+json\" class=\"yoast-schema-graph\">{\"@context\":\"https:\/\/schema.org\",\"@graph\":[{\"@type\":\"WebPage\",\"@id\":\"https:\/\/www.mod180.com\/ca\/contactar\/\",\"url\":\"https:\/\/www.mod180.com\/ca\/contactar\/\",\"name\":\"Contacta'ns - Catal\u00e0 - mod180\",\"isPartOf\":{\"@id\":\"https:\/\/www.mod180.com\/ca\/#website\"},\"primaryImageOfPage\":{\"@id\":\"https:\/\/www.mod180.com\/ca\/contactar\/#primaryimage\"},\"image\":{\"@id\":\"https:\/\/www.mod180.com\/ca\/contactar\/#primaryimage\"},\"thumbnailUrl\":\"http:\/\/localhost\/mod180\/ca\/wp-content\/uploads\/sites\/4\/2023\/05\/vcard.png\",\"datePublished\":\"2021-08-26T10:04:36+00:00\",\"dateModified\":\"2023-06-13T06:48:39+00:00\",\"breadcrumb\":{\"@id\":\"https:\/\/www.mod180.com\/ca\/contactar\/#breadcrumb\"},\"inLanguage\":\"ca\",\"potentialAction\":[{\"@type\":\"ReadAction\",\"target\":[\"https:\/\/www.mod180.com\/ca\/contactar\/\"]}]},{\"@type\":\"ImageObject\",\"inLanguage\":\"ca\",\"@id\":\"https:\/\/www.mod180.com\/ca\/contactar\/#primaryimage\",\"url\":\"http:\/\/localhost\/mod180\/ca\/wp-content\/uploads\/sites\/4\/2023\/05\/vcard.png\",\"contentUrl\":\"http:\/\/localhost\/mod180\/ca\/wp-content\/uploads\/sites\/4\/2023\/05\/vcard.png\"},{\"@type\":\"BreadcrumbList\",\"@id\":\"https:\/\/www.mod180.com\/ca\/contactar\/#breadcrumb\",\"itemListElement\":[{\"@type\":\"ListItem\",\"position\":1,\"name\":\"Portada\",\"item\":\"https:\/\/www.mod180.com\/ca\/\"},{\"@type\":\"ListItem\",\"position\":2,\"name\":\"Contacta&#8217;ns\"}]},{\"@type\":\"WebSite\",\"@id\":\"https:\/\/www.mod180.com\/ca\/#website\",\"url\":\"https:\/\/www.mod180.com\/ca\/\",\"name\":\"Catal\u00e0 - mod180\",\"description\":\"Creixem junts? \/ \u00bfCrecemos juntos? \/ Let&#039;s grow together?\",\"publisher\":{\"@id\":\"https:\/\/www.mod180.com\/ca\/#organization\"},\"potentialAction\":[{\"@type\":\"SearchAction\",\"target\":{\"@type\":\"EntryPoint\",\"urlTemplate\":\"https:\/\/www.mod180.com\/ca\/?s={search_term_string}\"},\"query-input\":{\"@type\":\"PropertyValueSpecification\",\"valueRequired\":true,\"valueName\":\"search_term_string\"}}],\"inLanguage\":\"ca\"},{\"@type\":\"Organization\",\"@id\":\"https:\/\/www.mod180.com\/ca\/#organization\",\"name\":\"Catal\u00e0 - mod180\",\"url\":\"https:\/\/www.mod180.com\/ca\/\",\"logo\":{\"@type\":\"ImageObject\",\"inLanguage\":\"ca\",\"@id\":\"https:\/\/www.mod180.com\/ca\/#\/schema\/logo\/image\/\",\"url\":\"https:\/\/www.mod180.com\/ca\/wp-content\/uploads\/sites\/4\/2023\/05\/mod_180_white.png\",\"contentUrl\":\"https:\/\/www.mod180.com\/ca\/wp-content\/uploads\/sites\/4\/2023\/05\/mod_180_white.png\",\"width\":695,\"height\":360,\"caption\":\"Catal\u00e0 - mod180\"},\"image\":{\"@id\":\"https:\/\/www.mod180.com\/ca\/#\/schema\/logo\/image\/\"}}]}<\/script>\n<!-- \/ Yoast SEO plugin. -->","yoast_head_json":{"title":"Contacta'ns - Catal\u00e0 - mod180","robots":{"index":"index","follow":"follow","max-snippet":"max-snippet:-1","max-image-preview":"max-image-preview:large","max-video-preview":"max-video-preview:-1"},"canonical":"https:\/\/www.mod180.com\/ca\/contactar\/","og_locale":"ca_ES","og_type":"article","og_title":"Contacta'ns - Catal\u00e0 - mod180","og_description":"Ubicaci\u00f3 Breda &#8211; Girona | Spain Email info@mod180.com Tel\u00e8fon +34 618 78 44 79 Creixem junts? Nom * Empresa * Email * Tel\u00e8fon * En qu\u00e8 et podem ajudar * Enviar *He llegit la Pol\u00edtica de privacitat i hi estic d&#8217;acord. El nostre contacte sempre&nbsp;a&nbsp;m\u00e0 escaneja&nbsp;el&nbsp;QR El nostre contacte sempre&nbsp;a&nbsp;m\u00e0 descarrega&#8217;l DESCARREGAR","og_url":"https:\/\/www.mod180.com\/ca\/contactar\/","og_site_name":"Catal\u00e0 - mod180","article_modified_time":"2023-06-13T06:48:39+00:00","og_image":[{"url":"http:\/\/localhost\/mod180\/ca\/wp-content\/uploads\/sites\/4\/2023\/05\/vcard.png","type":"","width":"","height":""}],"twitter_card":"summary_large_image","schema":{"@context":"https:\/\/schema.org","@graph":[{"@type":"WebPage","@id":"https:\/\/www.mod180.com\/ca\/contactar\/","url":"https:\/\/www.mod180.com\/ca\/contactar\/","name":"Contacta'ns - Catal\u00e0 - mod180","isPartOf":{"@id":"https:\/\/www.mod180.com\/ca\/#website"},"primaryImageOfPage":{"@id":"https:\/\/www.mod180.com\/ca\/contactar\/#primaryimage"},"image":{"@id":"https:\/\/www.mod180.com\/ca\/contactar\/#primaryimage"},"thumbnailUrl":"http:\/\/localhost\/mod180\/ca\/wp-content\/uploads\/sites\/4\/2023\/05\/vcard.png","datePublished":"2021-08-26T10:04:36+00:00","dateModified":"2023-06-13T06:48:39+00:00","breadcrumb":{"@id":"https:\/\/www.mod180.com\/ca\/contactar\/#breadcrumb"},"inLanguage":"ca","potentialAction":[{"@type":"ReadAction","target":["https:\/\/www.mod180.com\/ca\/contactar\/"]}]},{"@type":"ImageObject","inLanguage":"ca","@id":"https:\/\/www.mod180.com\/ca\/contactar\/#primaryimage","url":"http:\/\/localhost\/mod180\/ca\/wp-content\/uploads\/sites\/4\/2023\/05\/vcard.png","contentUrl":"http:\/\/localhost\/mod180\/ca\/wp-content\/uploads\/sites\/4\/2023\/05\/vcard.png"},{"@type":"BreadcrumbList","@id":"https:\/\/www.mod180.com\/ca\/contactar\/#breadcrumb","itemListElement":[{"@type":"ListItem","position":1,"name":"Portada","item":"https:\/\/www.mod180.com\/ca\/"},{"@type":"ListItem","position":2,"name":"Contacta&#8217;ns"}]},{"@type":"WebSite","@id":"https:\/\/www.mod180.com\/ca\/#website","url":"https:\/\/www.mod180.com\/ca\/","name":"Catal\u00e0 - mod180","description":"Creixem junts? \/ \u00bfCrecemos juntos? \/ Let&#039;s grow together?","publisher":{"@id":"https:\/\/www.mod180.com\/ca\/#organization"},"potentialAction":[{"@type":"SearchAction","target":{"@type":"EntryPoint","urlTemplate":"https:\/\/www.mod180.com\/ca\/?s={search_term_string}"},"query-input":{"@type":"PropertyValueSpecification","valueRequired":true,"valueName":"search_term_string"}}],"inLanguage":"ca"},{"@type":"Organization","@id":"https:\/\/www.mod180.com\/ca\/#organization","name":"Catal\u00e0 - mod180","url":"https:\/\/www.mod180.com\/ca\/","logo":{"@type":"ImageObject","inLanguage":"ca","@id":"https:\/\/www.mod180.com\/ca\/#\/schema\/logo\/image\/","url":"https:\/\/www.mod180.com\/ca\/wp-content\/uploads\/sites\/4\/2023\/05\/mod_180_white.png","contentUrl":"https:\/\/www.mod180.com\/ca\/wp-content\/uploads\/sites\/4\/2023\/05\/mod_180_white.png","width":695,"height":360,"caption":"Catal\u00e0 - mod180"},"image":{"@id":"https:\/\/www.mod180.com\/ca\/#\/schema\/logo\/image\/"}}]}},"_links":{"self":[{"href":"https:\/\/www.mod180.com\/ca\/wp-json\/wp\/v2\/pages\/751","targetHints":{"allow":["GET"]}}],"collection":[{"href":"https:\/\/www.mod180.com\/ca\/wp-json\/wp\/v2\/pages"}],"about":[{"href":"https:\/\/www.mod180.com\/ca\/wp-json\/wp\/v2\/types\/page"}],"author":[{"embeddable":true,"href":"https:\/\/www.mod180.com\/ca\/wp-json\/wp\/v2\/users\/1"}],"replies":[{"embeddable":true,"href":"https:\/\/www.mod180.com\/ca\/wp-json\/wp\/v2\/comments?post=751"}],"version-history":[{"count":87,"href":"https:\/\/www.mod180.com\/ca\/wp-json\/wp\/v2\/pages\/751\/revisions"}],"predecessor-version":[{"id":1399,"href":"https:\/\/www.mod180.com\/ca\/wp-json\/wp\/v2\/pages\/751\/revisions\/1399"}],"wp:attachment":[{"href":"https:\/\/www.mod180.com\/ca\/wp-json\/wp\/v2\/media?parent=751"}],"curies":[{"name":"wp","href":"https:\/\/api.w.org\/{rel}","templated":true}]}}