{"id":511,"date":"2021-10-12T08:13:10","date_gmt":"2021-10-12T08:13:10","guid":{"rendered":"https:\/\/themexriver.com\/wp\/prysm\/?page_id=511"},"modified":"2023-06-12T09:45:17","modified_gmt":"2023-06-12T09:45:17","slug":"privacy-policy","status":"publish","type":"page","link":"https:\/\/www.mod180.com\/en\/privacy-policy\/","title":{"rendered":"Privacy Policy"},"content":{"rendered":"\t\t<div data-elementor-type=\"wp-page\" data-elementor-id=\"511\" class=\"elementor elementor-511\" data-elementor-post-type=\"page\">\n\t\t\t\t\t\t\t\t\t<section class=\"elementor-section elementor-top-section elementor-element elementor-element-5f9ec560 elementor-section-boxed elementor-section-height-default elementor-section-height-default\" data-id=\"5f9ec560\" data-element_type=\"section\">\n\t\t\t\t\t\t<div class=\"elementor-container elementor-column-gap-default\">\n\t\t\t\t\t<div class=\"elementor-column elementor-col-100 elementor-top-column elementor-element elementor-element-1311ee8d\" data-id=\"1311ee8d\" data-element_type=\"column\">\n\t\t\t<div class=\"elementor-widget-wrap elementor-element-populated\">\n\t\t\t\t\t\t\t\t<div class=\"elementor-element elementor-element-5cdaa15e elementor-widget elementor-widget-text-editor\" data-id=\"5cdaa15e\" data-element_type=\"widget\" data-widget_type=\"text-editor.default\">\n\t\t\t\t<div class=\"elementor-widget-container\">\n\t\t\t<style>\/*! elementor - v3.17.0 - 08-11-2023 *\/\n.elementor-widget-text-editor.elementor-drop-cap-view-stacked .elementor-drop-cap{background-color:#69727d;color:#fff}.elementor-widget-text-editor.elementor-drop-cap-view-framed .elementor-drop-cap{color:#69727d;border:3px solid;background-color:transparent}.elementor-widget-text-editor:not(.elementor-drop-cap-view-default) .elementor-drop-cap{margin-top:8px}.elementor-widget-text-editor:not(.elementor-drop-cap-view-default) .elementor-drop-cap-letter{width:1em;height:1em}.elementor-widget-text-editor .elementor-drop-cap{float:left;text-align:center;line-height:1;font-size:50px}.elementor-widget-text-editor .elementor-drop-cap-letter{display:inline-block}<\/style>\t\t\t\t<h3>Politica de privadesa<\/h3>\n<p>\u00daltima actualitzaci\u00f3: [12\/06\/2023]<\/p>\n<p>En [David Centelles amb NIF 44020778C] (&#8220;jo&#8221;, &#8220;meu&#8221; o &#8220;em&#8221;) valoro i respecto la seva privadesa. Aquesta Pol\u00edtica de Privadesa descriu com recopilo, utilitzo i protegeixo la informaci\u00f3 personal que vost\u00e8 proporciona a trav\u00e9s del meu lloc web [<a href=\"http:\/\/www.mod180.com\/\" target=\"_new\">www.mod180.com<\/a>] (el &#8220;Lloc&#8221;).<\/p>\n<p>En utilitzar el Lloc, vost\u00e8 accepta les pr\u00e0ctiques descrites en aquesta Pol\u00edtica de Privadesa. Si no est\u00e0 d&#8217;acord amb algun dels termes establerts aqu\u00ed, li recomano que no utilitzi el meu Lloc.<\/p>\n<p>Recopilaci\u00f3 d&#8217;informaci\u00f3<\/p>\n<p>Quan visita el meu Lloc, recopilo certa informaci\u00f3 autom\u00e0ticament a trav\u00e9s de tecnologies com cookies, balises web i registres de servidors. Aquesta informaci\u00f3 pot incloure la seva adre\u00e7a IP, tipus de navegador, prove\u00efdor de serveis d&#8217;Internet (ISP), p\u00e0gines de refer\u00e8ncia\/sortida, fitxers vistos al meu Lloc (per exemple, HTML, gr\u00e0fics, etc.), sistema operatiu, data\/hora de visita i\/o dades de navegaci\u00f3.<\/p>\n<p>A m\u00e9s, recopilo informaci\u00f3 personal que vost\u00e8 proporciona volunt\u00e0riament a trav\u00e9s del meu formulari de contacte. Aquesta informaci\u00f3 pot incloure el seu nom, adre\u00e7a de correu electr\u00f2nic i qualsevol altra informaci\u00f3 que decideixi proporcionar en el formulari.<\/p>\n<p>\u00das de la informaci\u00f3<\/p>\n<p>Utilitzo la informaci\u00f3 recopilada per als seg\u00fcents fins:<\/p>\n<ol>\n<li>Processar i respondre a les seves consultes o sol\u00b7licituds presentades a trav\u00e9s del meu formulari de contacte.<\/li>\n<li>Proporcionar-li informaci\u00f3, not\u00edcies i actualitzacions relacionades amb els meus serveis.<\/li>\n<li>Millorar i personalitzar la seva experi\u00e8ncia al meu Lloc.<\/li>\n<li>Realitzar an\u00e0lisis i estudis de mercat per millorar els meus serveis.<\/li>\n<li>Complir amb les meves obligacions legals i protegir els meus drets legals.<\/li>\n<\/ol>\n<p>Divulgaci\u00f3 de la informaci\u00f3<\/p>\n<p>No venc, llogo ni comparteixo la seva informaci\u00f3 personal amb tercers, excepte en les seg\u00fcents circumst\u00e0ncies:<\/p>\n<ol>\n<li>Quan sigui necessari per complir amb una obligaci\u00f3 legal, com respondre a una citaci\u00f3, ordre judicial o un altre proc\u00e9s legal similar.<\/li>\n<li>Amb el seu consentiment expl\u00edcit.<\/li>\n<li>Per protegir els meus drets, propietat o seguretat, aix\u00ed com els drets, propietat o seguretat dels meus usuaris o d&#8217;altres persones.<\/li>\n<\/ol>\n<p>Seguretat de la informaci\u00f3<\/p>\n<p>Implemento mesures de seguretat raonables per protegir la informaci\u00f3 personal que recopilo i mantenim. No obstant aix\u00f2, cap transmissi\u00f3 de dades per Internet o sistema d&#8217;emmagatzematge \u00e9s completament segur. Per tant, no puc garantir la seguretat absoluta de la seva informaci\u00f3 personal.<\/p>\n<p>Enlla\u00e7os a llocs web de tercers<\/p>\n<p>El meu Lloc pot contenir enlla\u00e7os a llocs web de tercers. Aquesta Pol\u00edtica de Privadesa no s&#8217;aplica a aquests llocs web, per la qual cosa li recomano revisar les pol\u00edtiques de privadesa corresponents d&#8217;aquests llocs.<\/p>\n<p>Canvis en aquesta Pol\u00edtica de Privadesa<\/p>\n<p>Em reservo el dret d&#8217;actualitzar o modificar aquesta Pol\u00edtica de Privadesa en qualsevol moment i sense previ av\u00eds. Li recomano revisar peri\u00f2dicament aquesta p\u00e0gina per obtenir la informaci\u00f3 m\u00e9s recent sobre les meves pr\u00e0ctiques de privadesa.<\/p>\t\t\t\t\t\t<\/div>\n\t\t\t\t<\/div>\n\t\t\t\t<div class=\"elementor-element elementor-element-b0e2151 elementor-widget elementor-widget-text-editor\" data-id=\"b0e2151\" data-element_type=\"widget\" data-widget_type=\"text-editor.default\">\n\t\t\t\t<div class=\"elementor-widget-container\">\n\t\t\t\t\t\t\t<h4>Information we collect<\/h4>\nBy using our website, you hereby consent to our Privacy Policy and agree to its terms.\n\nThe personal information that you are asked to provide, and the reasons why you are asked to provide it, will be made clear to you at the point we ask you to provide your personal information.\n\nIf you contact us directly, we may receive additional information about you such as your name, email address, phone number, the contents of the message and\/or attachments you may send us, and any other information you may choose to provide.\n\nWhen you register for an Account, we may ask for your contact information, including items such as name, company name, address, email address, and telephone number.\t\t\t\t\t\t<\/div>\n\t\t\t\t<\/div>\n\t\t\t\t<div class=\"elementor-element elementor-element-9feac21 elementor-widget elementor-widget-text-editor\" data-id=\"9feac21\" data-element_type=\"widget\" data-widget_type=\"text-editor.default\">\n\t\t\t\t<div class=\"elementor-widget-container\">\n\t\t\t\t\t\t\t<h3>How we use your information<\/h3>\nWe use the information we collect in various ways, including to:\n<ul>\n \t<li>Provide, operate, and maintain our website<\/li>\n \t<li>Improve, personalize, and expand our website<\/li>\n \t<li>Understand and analyze how you use our website<\/li>\n \t<li>Develop new products, services, features, and functionality<\/li>\n \t<li>Communicate with you, either directly or through one of our partners, including for customer service, to provide you with updates and other information relating to the website, and for marketing and promotional purposes<\/li>\n \t<li>Send you emails<\/li>\n \t<li>Find and prevent fraud<\/li>\n<\/ul>\t\t\t\t\t\t<\/div>\n\t\t\t\t<\/div>\n\t\t\t\t<div class=\"elementor-element elementor-element-ca212a3 elementor-widget elementor-widget-text-editor\" data-id=\"ca212a3\" data-element_type=\"widget\" data-widget_type=\"text-editor.default\">\n\t\t\t\t<div class=\"elementor-widget-container\">\n\t\t\t\t\t\t\t<h3>Log Files<\/h3>\nWebsite Name follows a standard procedure of using log files. These files log visitors when they visit websites. All hosting companies do this and a part of hosting services&#8217; analytics. The information collected by log files include internet protocol (IP) addresses, browser type, Internet Service Provider (ISP), date and time stamp, referring\/exit pages, and possibly the number of clicks. These are not linked to any information that is personally identifiable. The purpose of the information is for analyzing trends, administering the site, tracking users&#8217; movement on the website, and gathering demographic information.\t\t\t\t\t\t<\/div>\n\t\t\t\t<\/div>\n\t\t\t\t<div class=\"elementor-element elementor-element-dba7afa elementor-widget elementor-widget-text-editor\" data-id=\"dba7afa\" data-element_type=\"widget\" data-widget_type=\"text-editor.default\">\n\t\t\t\t<div class=\"elementor-widget-container\">\n\t\t\t\t\t\t\t<h3>Cookies and Web Beacons<\/h3><p>Like any other website, the Website Name uses \u2018cookies. These cookies are used to store information including visitors&#8217; preferences, and the pages on the website that the visitor accessed or visited. The information is used to optimize the users&#8217; experience by customizing our web page content based on visitors&#8217; browser type and\/or other information.<\/p>\t\t\t\t\t\t<\/div>\n\t\t\t\t<\/div>\n\t\t\t\t\t<\/div>\n\t\t<\/div>\n\t\t\t\t\t\t\t<\/div>\n\t\t<\/section>\n\t\t\t\t\t\t\t<\/div>\n\t\t","protected":false},"excerpt":{"rendered":"<p>Politica de privadesa \u00daltima actualitzaci\u00f3: [12\/06\/2023] En [David Centelles amb NIF 44020778C] (&#8220;jo&#8221;, &#8220;meu&#8221; o &#8220;em&#8221;) valoro i respecto la seva privadesa. Aquesta Pol\u00edtica de Privadesa descriu com recopilo, utilitzo i protegeixo la informaci\u00f3 personal que vost\u00e8 proporciona a trav\u00e9s del meu lloc web [www.mod180.com] (el &#8220;Lloc&#8221;). En utilitzar el Lloc, vost\u00e8 accepta les pr\u00e0ctiques [&hellip;]<\/p>\n","protected":false},"author":1,"featured_media":0,"parent":0,"menu_order":0,"comment_status":"closed","ping_status":"closed","template":"","meta":{"_acf_changed":false,"footnotes":""},"class_list":["post-511","page","type-page","status-publish","hentry"],"acf":[],"yoast_head":"<!-- This site is optimized with the Yoast SEO plugin v25.3.1 - https:\/\/yoast.com\/wordpress\/plugins\/seo\/ -->\n<title>Privacy Policy - Ingl\u00e9s - mod180<\/title>\n<meta name=\"robots\" content=\"index, follow, max-snippet:-1, max-image-preview:large, max-video-preview:-1\" \/>\n<link rel=\"canonical\" href=\"https:\/\/www.mod180.com\/en\/privacy-policy\/\" \/>\n<meta property=\"og:locale\" content=\"en_US\" \/>\n<meta property=\"og:type\" content=\"article\" \/>\n<meta property=\"og:title\" content=\"Privacy Policy - Ingl\u00e9s - mod180\" \/>\n<meta property=\"og:description\" content=\"Politica de privadesa \u00daltima actualitzaci\u00f3: [12\/06\/2023] En [David Centelles amb NIF 44020778C] (&#8220;jo&#8221;, &#8220;meu&#8221; o &#8220;em&#8221;) valoro i respecto la seva privadesa. Aquesta Pol\u00edtica de Privadesa descriu com recopilo, utilitzo i protegeixo la informaci\u00f3 personal que vost\u00e8 proporciona a trav\u00e9s del meu lloc web [www.mod180.com] (el &#8220;Lloc&#8221;). En utilitzar el Lloc, vost\u00e8 accepta les pr\u00e0ctiques [&hellip;]\" \/>\n<meta property=\"og:url\" content=\"https:\/\/www.mod180.com\/en\/privacy-policy\/\" \/>\n<meta property=\"og:site_name\" content=\"Ingl\u00e9s - mod180\" \/>\n<meta property=\"article:modified_time\" content=\"2023-06-12T09:45:17+00:00\" \/>\n<meta name=\"twitter:card\" content=\"summary_large_image\" \/>\n<meta name=\"twitter:label1\" content=\"Est. reading time\" \/>\n\t<meta name=\"twitter:data1\" content=\"4 minutes\" \/>\n<script type=\"application\/ld+json\" class=\"yoast-schema-graph\">{\"@context\":\"https:\/\/schema.org\",\"@graph\":[{\"@type\":\"WebPage\",\"@id\":\"https:\/\/www.mod180.com\/en\/privacy-policy\/\",\"url\":\"https:\/\/www.mod180.com\/en\/privacy-policy\/\",\"name\":\"Privacy Policy - Ingl\u00e9s - mod180\",\"isPartOf\":{\"@id\":\"https:\/\/www.mod180.com\/en\/#website\"},\"datePublished\":\"2021-10-12T08:13:10+00:00\",\"dateModified\":\"2023-06-12T09:45:17+00:00\",\"breadcrumb\":{\"@id\":\"https:\/\/www.mod180.com\/en\/privacy-policy\/#breadcrumb\"},\"inLanguage\":\"en-US\",\"potentialAction\":[{\"@type\":\"ReadAction\",\"target\":[\"https:\/\/www.mod180.com\/en\/privacy-policy\/\"]}]},{\"@type\":\"BreadcrumbList\",\"@id\":\"https:\/\/www.mod180.com\/en\/privacy-policy\/#breadcrumb\",\"itemListElement\":[{\"@type\":\"ListItem\",\"position\":1,\"name\":\"Portada\",\"item\":\"https:\/\/www.mod180.com\/en\/\"},{\"@type\":\"ListItem\",\"position\":2,\"name\":\"Privacy Policy\"}]},{\"@type\":\"WebSite\",\"@id\":\"https:\/\/www.mod180.com\/en\/#website\",\"url\":\"https:\/\/www.mod180.com\/en\/\",\"name\":\"Ingl\u00e9s - mod180\",\"description\":\"Creixem junts? \/ \u00bfCrecemos juntos? \/ Let&#039;s grow together?\",\"publisher\":{\"@id\":\"https:\/\/www.mod180.com\/en\/#organization\"},\"potentialAction\":[{\"@type\":\"SearchAction\",\"target\":{\"@type\":\"EntryPoint\",\"urlTemplate\":\"https:\/\/www.mod180.com\/en\/?s={search_term_string}\"},\"query-input\":{\"@type\":\"PropertyValueSpecification\",\"valueRequired\":true,\"valueName\":\"search_term_string\"}}],\"inLanguage\":\"en-US\"},{\"@type\":\"Organization\",\"@id\":\"https:\/\/www.mod180.com\/en\/#organization\",\"name\":\"Ingl\u00e9s - mod180\",\"url\":\"https:\/\/www.mod180.com\/en\/\",\"logo\":{\"@type\":\"ImageObject\",\"inLanguage\":\"en-US\",\"@id\":\"https:\/\/www.mod180.com\/en\/#\/schema\/logo\/image\/\",\"url\":\"https:\/\/www.mod180.com\/en\/wp-content\/uploads\/sites\/5\/2023\/05\/mod_180_white.png\",\"contentUrl\":\"https:\/\/www.mod180.com\/en\/wp-content\/uploads\/sites\/5\/2023\/05\/mod_180_white.png\",\"width\":695,\"height\":360,\"caption\":\"Ingl\u00e9s - mod180\"},\"image\":{\"@id\":\"https:\/\/www.mod180.com\/en\/#\/schema\/logo\/image\/\"}}]}<\/script>\n<!-- \/ Yoast SEO plugin. -->","yoast_head_json":{"title":"Privacy Policy - Ingl\u00e9s - mod180","robots":{"index":"index","follow":"follow","max-snippet":"max-snippet:-1","max-image-preview":"max-image-preview:large","max-video-preview":"max-video-preview:-1"},"canonical":"https:\/\/www.mod180.com\/en\/privacy-policy\/","og_locale":"en_US","og_type":"article","og_title":"Privacy Policy - Ingl\u00e9s - mod180","og_description":"Politica de privadesa \u00daltima actualitzaci\u00f3: [12\/06\/2023] En [David Centelles amb NIF 44020778C] (&#8220;jo&#8221;, &#8220;meu&#8221; o &#8220;em&#8221;) valoro i respecto la seva privadesa. Aquesta Pol\u00edtica de Privadesa descriu com recopilo, utilitzo i protegeixo la informaci\u00f3 personal que vost\u00e8 proporciona a trav\u00e9s del meu lloc web [www.mod180.com] (el &#8220;Lloc&#8221;). En utilitzar el Lloc, vost\u00e8 accepta les pr\u00e0ctiques [&hellip;]","og_url":"https:\/\/www.mod180.com\/en\/privacy-policy\/","og_site_name":"Ingl\u00e9s - mod180","article_modified_time":"2023-06-12T09:45:17+00:00","twitter_card":"summary_large_image","twitter_misc":{"Est. reading time":"4 minutes"},"schema":{"@context":"https:\/\/schema.org","@graph":[{"@type":"WebPage","@id":"https:\/\/www.mod180.com\/en\/privacy-policy\/","url":"https:\/\/www.mod180.com\/en\/privacy-policy\/","name":"Privacy Policy - Ingl\u00e9s - mod180","isPartOf":{"@id":"https:\/\/www.mod180.com\/en\/#website"},"datePublished":"2021-10-12T08:13:10+00:00","dateModified":"2023-06-12T09:45:17+00:00","breadcrumb":{"@id":"https:\/\/www.mod180.com\/en\/privacy-policy\/#breadcrumb"},"inLanguage":"en-US","potentialAction":[{"@type":"ReadAction","target":["https:\/\/www.mod180.com\/en\/privacy-policy\/"]}]},{"@type":"BreadcrumbList","@id":"https:\/\/www.mod180.com\/en\/privacy-policy\/#breadcrumb","itemListElement":[{"@type":"ListItem","position":1,"name":"Portada","item":"https:\/\/www.mod180.com\/en\/"},{"@type":"ListItem","position":2,"name":"Privacy Policy"}]},{"@type":"WebSite","@id":"https:\/\/www.mod180.com\/en\/#website","url":"https:\/\/www.mod180.com\/en\/","name":"Ingl\u00e9s - mod180","description":"Creixem junts? \/ \u00bfCrecemos juntos? \/ Let&#039;s grow together?","publisher":{"@id":"https:\/\/www.mod180.com\/en\/#organization"},"potentialAction":[{"@type":"SearchAction","target":{"@type":"EntryPoint","urlTemplate":"https:\/\/www.mod180.com\/en\/?s={search_term_string}"},"query-input":{"@type":"PropertyValueSpecification","valueRequired":true,"valueName":"search_term_string"}}],"inLanguage":"en-US"},{"@type":"Organization","@id":"https:\/\/www.mod180.com\/en\/#organization","name":"Ingl\u00e9s - mod180","url":"https:\/\/www.mod180.com\/en\/","logo":{"@type":"ImageObject","inLanguage":"en-US","@id":"https:\/\/www.mod180.com\/en\/#\/schema\/logo\/image\/","url":"https:\/\/www.mod180.com\/en\/wp-content\/uploads\/sites\/5\/2023\/05\/mod_180_white.png","contentUrl":"https:\/\/www.mod180.com\/en\/wp-content\/uploads\/sites\/5\/2023\/05\/mod_180_white.png","width":695,"height":360,"caption":"Ingl\u00e9s - mod180"},"image":{"@id":"https:\/\/www.mod180.com\/en\/#\/schema\/logo\/image\/"}}]}},"_links":{"self":[{"href":"https:\/\/www.mod180.com\/en\/wp-json\/wp\/v2\/pages\/511","targetHints":{"allow":["GET"]}}],"collection":[{"href":"https:\/\/www.mod180.com\/en\/wp-json\/wp\/v2\/pages"}],"about":[{"href":"https:\/\/www.mod180.com\/en\/wp-json\/wp\/v2\/types\/page"}],"author":[{"embeddable":true,"href":"https:\/\/www.mod180.com\/en\/wp-json\/wp\/v2\/users\/1"}],"replies":[{"embeddable":true,"href":"https:\/\/www.mod180.com\/en\/wp-json\/wp\/v2\/comments?post=511"}],"version-history":[{"count":6,"href":"https:\/\/www.mod180.com\/en\/wp-json\/wp\/v2\/pages\/511\/revisions"}],"predecessor-version":[{"id":1387,"href":"https:\/\/www.mod180.com\/en\/wp-json\/wp\/v2\/pages\/511\/revisions\/1387"}],"wp:attachment":[{"href":"https:\/\/www.mod180.com\/en\/wp-json\/wp\/v2\/media?parent=511"}],"curies":[{"name":"wp","href":"https:\/\/api.w.org\/{rel}","templated":true}]}}